{"id":3,"date":"2025-01-14T14:19:05","date_gmt":"2025-01-14T11:19:05","guid":{"rendered":"https:\/\/maityazilimhizmetleri.com\/?page_id=3"},"modified":"2025-01-14T20:33:53","modified_gmt":"2025-01-14T17:33:53","slug":"teslimat-sozlesmesi","status":"publish","type":"page","link":"https:\/\/maityazilimhizmetleri.com\/?page_id=3","title":{"rendered":"TESL\u0130MAT VE \u0130PTAL\/\u0130ADE S\u00d6ZLE\u015eMES\u0130"},"content":{"rendered":"\n<h2 class=\"wp-block-heading\"><strong>TESL\u0130MAT VE \u0130PTAL\/\u0130ADE S\u00d6ZLE\u015eMES\u0130<\/strong><\/h2>\n\n\n\n<p><strong>TESL\u0130MAT<\/strong><br>Se\u00e7ti\u011finiz paketi sat\u0131n ald\u0131ktan sonra taraf\u0131m\u0131zdan otomatik olarak size \u00f6zel panele y\u00fcklenmektedir. Sisteme giri\u015f ve \u00fcr\u00fcn\/hizmetten yararlanabilmeniz i\u00e7in gerekli bilgiler taraf\u0131n\u0131za sunulacakt\u0131r veya kendi \u00fcyeli\u011finizi belirtmeniz durumunda o panel \u00fczerinden i\u015flemler yap\u0131lacakt\u0131r.<\/p>\n\n\n\n<p><strong>CAYMA HAKKI VE \u0130PTAL\/\u0130ADE<\/strong><\/p>\n\n\n\n<ol class=\"wp-block-list\">\n<li><strong>Meit Yaz\u0131l\u0131m Hizmetleri<\/strong> ilgili sipari\u015fe konu olan \u00fcr\u00fcn\u00fc\/hizmeti iptal ettirmek isteyen kullan\u0131c\u0131, hizmeti sat\u0131n ald\u0131ktan sonra 14 g\u00fcn i\u00e7erisinde yaz\u0131l\u0131 m\u00fcracaatta bulunup hizmetin iptalini talep edebilir. Sat\u0131n alma tarihinden itibaren 14 g\u00fcn i\u00e7inde \u015eirket\u2019e ba\u015fvuruda bulunan kullan\u0131c\u0131n\u0131n \u00fcr\u00fcn\/hizmet iptal ko\u015fulu \u015fu \u015fekildedir: \u201c\u00dcr\u00fcn Bedelinin %10\u2019u + (\u00dcr\u00fcn Bedelinin \/ Toplam Saat) * Kullan\u0131lan Yaz\u0131l\u0131m Saati\u201d \u015feklindedir. Belirlenen tutar sipari\u015f iptali yap\u0131larak kullan\u0131c\u0131 hesab\u0131na aktar\u0131l\u0131r.<br>\u2022 Sipari\u015fe konu olan \u00fcr\u00fcn\/hizmet dijital yaz\u0131l\u0131m hizmeti ise iptal edilmemektedir.<br>\u2022 Yaz\u0131l\u0131m firma kaynakl\u0131 sorunlar sebebi ile \u00e7al\u0131\u015fmaz ise kesinti olmadan iptal etme hakk\u0131 al\u0131c\u0131 taraf\u0131ndan m\u00fcmk\u00fcnd\u00fcr.<\/li>\n\n\n\n<li><strong>6502 say\u0131l\u0131 Kanun ve Mesafeli S\u00f6zle\u015fmeler Y\u00f6netmeli\u011fi<\/strong> gere\u011fi, elektronik ortamda an\u0131nda ifa edilen hizmetler veya t\u00fcketiciye an\u0131nda teslim edilen gayrimaddi mallar cayma hakk\u0131n\u0131n istisnalar\u0131d\u0131r. Bu ba\u011flamda, online yaz\u0131l\u0131mlarda (firma kaynakl\u0131 \u00e7al\u0131\u015fmayan yaz\u0131l\u0131m hizmetleri hari\u00e7) iade veya iptal yap\u0131lamamaktad\u0131r.<br>T\u00fcketiciye sunulan yaz\u0131l\u0131m hizmetinin bir par\u00e7as\u0131 olan, geri iade edilmesi m\u00fcmk\u00fcn olmayan dijital materyallere ait kullan\u0131c\u0131 bilgileri ve \u015fifreler cayma hakk\u0131n\u0131n kapsam\u0131 d\u0131\u015f\u0131ndad\u0131r.<\/li>\n<\/ol>\n\n\n\n<p><strong>CAYMA HAKKI KULLANIMI<\/strong><\/p>\n\n\n\n<ol class=\"wp-block-list\">\n<li>Cayma hakk\u0131n\u0131n kullan\u0131ld\u0131\u011f\u0131na dair bildirimin cayma hakk\u0131 s\u00fcresi dolmadan, yaz\u0131l\u0131 olarak \u015eirket\u2019e iletilmesi yeterlidir.<\/li>\n\n\n\n<li>Cayma hakk\u0131n\u0131n kullan\u0131lmas\u0131nda t\u00fcketici, cayma karar\u0131n\u0131 bildiren a\u00e7\u0131k bir beyan ile <a>info@admin.com<\/a> adresine e-mail g\u00f6nderebilir. \u0130nternet sitesi \u00fczerinden t\u00fcketicilere cayma hakk\u0131 sunulmas\u0131 durumunda \u015eirket, t\u00fcketicilerin iletmi\u015f oldu\u011fu cayma taleplerinin kendilerine ula\u015ft\u0131\u011f\u0131na ili\u015fkin teyit bilgisini t\u00fcketiciye derhal iletmek zorundad\u0131r.<\/li>\n\n\n\n<li><strong>Sat\u0131c\u0131 veya sa\u011flay\u0131c\u0131n\u0131n y\u00fck\u00fcml\u00fcl\u00fckleri<\/strong>;<br>\u015eirket, t\u00fcketicinin cayma hakk\u0131n\u0131 kulland\u0131\u011f\u0131na ili\u015fkin bildirimin kendisine ula\u015ft\u0131\u011f\u0131 tarihten itibaren on d\u00f6rt g\u00fcn i\u00e7inde, varsa mal\u0131n t\u00fcketiciye teslim masraflar\u0131 da dahil olmak \u00fczere tahsil edilen t\u00fcm \u00f6demeleri iade etmekle y\u00fck\u00fcml\u00fcd\u00fcr. Sat\u0131c\u0131 veya sa\u011flay\u0131c\u0131, birinci f\u0131krada belirtilen t\u00fcm geri \u00f6demeleri, t\u00fcketicinin sat\u0131n al\u0131rken kulland\u0131\u011f\u0131 \u00f6deme arac\u0131na uygun bir \u015fekilde ve t\u00fcketiciye herhangi bir masraf veya y\u00fck\u00fcml\u00fcl\u00fck getirmeden tek seferde yapar.<\/li>\n\n\n\n<li>Kullan\u0131c\u0131\u2019n\u0131n eksik veya ge\u00e7ersiz bilgi ve belge bildirmesi nedeniyle s\u00f6zle\u015fmeye konu olan \u00fcr\u00fcnden\/hizmetten yararlanamayan kullan\u0131c\u0131ya \u00fccret iadesi yap\u0131lmaz.<\/li>\n\n\n\n<li><strong>Meit Yaz\u0131l\u0131m Hizmetleri<\/strong> taraf\u0131ndan kaynakl\u0131 problemler y\u00fcz\u00fcnden \u00e7al\u0131\u015fmayan Yaz\u0131l\u0131m&#8217;\u0131n iadesi kesintisiz olarak m\u00fc\u015fteri hesab\u0131na ayn\u0131 g\u00fcn i\u00e7erisinde yap\u0131l\u0131r.<\/li>\n\n\n\n<li>Hatal\u0131 kullan\u0131c\u0131 ad\u0131 ile ba\u015fka bir panel \u00fczerine y\u00fcklenen yaz\u0131l\u0131m hizmetlerinden <strong>Meit Yaz\u0131l\u0131m Hizmetleri<\/strong> sorumlu de\u011fildir.<\/li>\n\n\n\n<li>Firma olarak yap\u0131lacak t\u00fcm sat\u0131n almalar\u0131n hepsinin firma sahibi ad\u0131na yap\u0131lmas\u0131 ve canl\u0131 destek \u00fczerinden teyit edilmesi gerekmektedir.<\/li>\n\n\n\n<li>Sisteme eklenen numaradan kaynakl\u0131 sorunlarda iade yap\u0131lamaz. Numaray\u0131 eklemeden \u00f6nce numarada olu\u015fabilecek ek g\u00fcvenlik tedbirleri bilinemedi\u011fi i\u00e7in sisteme eklenen numaradan panel sahibi sorumlu olacakt\u0131r.<\/li>\n\n\n\n<li>\u0130adelerimiz her ne kadar panel \u00fczerinden anl\u0131k olarak yap\u0131lsa dahi sistem \u00e7al\u0131\u015famaz halde iken iadeler otomatik olarak yap\u0131lamaz. Sistem aktif olarak \u00e7al\u0131\u015f\u0131r halde oldu\u011funda iadeler panelden otomatik olarak yap\u0131lacakt\u0131r.<\/li>\n\n\n\n<li>Sisteme yap\u0131lan m\u00fckerrer (yani tekrar eden ayn\u0131 miktar \u00f6demeler) olu\u015fursa panel sahibine t\u00fcm \u00fccretler anl\u0131k olarak iade edilir.<\/li>\n<\/ol>\n\n\n\n<p><strong>Meit Yaz\u0131l\u0131m Hizmetleri <\/strong><\/p>\n","protected":false},"excerpt":{"rendered":"<p>TESL\u0130MAT VE \u0130PTAL\/\u0130ADE S\u00d6ZLE\u015eMES\u0130 TESL\u0130MATSe\u00e7ti\u011finiz paketi sat\u0131n ald\u0131ktan sonra taraf\u0131m\u0131zdan otomatik olarak size \u00f6zel panele&hellip;<\/p>\n","protected":false},"author":1,"featured_media":0,"parent":0,"menu_order":0,"comment_status":"closed","ping_status":"open","template":"","meta":{"footnotes":""},"class_list":["post-3","page","type-page","status-publish","hentry"],"yoast_head":"<!-- This site is optimized with the Yoast SEO plugin v24.2 - https:\/\/yoast.com\/wordpress\/plugins\/seo\/ -->\n<title>TESL\u0130MAT VE \u0130PTAL\/\u0130ADE S\u00d6ZLE\u015eMES\u0130<\/title>\n<meta name=\"description\" content=\"Se\u00e7ti\u011finiz paketi sat\u0131n ald\u0131ktan sonra taraf\u0131m\u0131zdan otomatik olarak size \u00f6zel panele y\u00fcklenmektedir. Sisteme giri\u015f ve \u00fcr\u00fcn\/hizmette\" \/>\n<meta name=\"robots\" content=\"index, follow, max-snippet:-1, max-image-preview:large, max-video-preview:-1\" \/>\n<link rel=\"canonical\" href=\"https:\/\/maityazilimhizmetleri.com\/?page_id=3\" \/>\n<meta property=\"og:locale\" content=\"tr_TR\" \/>\n<meta property=\"og:type\" content=\"article\" \/>\n<meta property=\"og:title\" content=\"TESL\u0130MAT VE \u0130PTAL\/\u0130ADE S\u00d6ZLE\u015eMES\u0130\" \/>\n<meta property=\"og:description\" content=\"Se\u00e7ti\u011finiz paketi sat\u0131n ald\u0131ktan sonra taraf\u0131m\u0131zdan otomatik olarak size \u00f6zel panele y\u00fcklenmektedir. Sisteme giri\u015f ve \u00fcr\u00fcn\/hizmette\" \/>\n<meta property=\"og:url\" content=\"https:\/\/maityazilimhizmetleri.com\/?page_id=3\" \/>\n<meta property=\"article:modified_time\" content=\"2025-01-14T17:33:53+00:00\" \/>\n<meta name=\"twitter:card\" content=\"summary_large_image\" \/>\n<meta name=\"twitter:label1\" content=\"Tahmini okuma s\u00fcresi\" \/>\n\t<meta name=\"twitter:data1\" content=\"3 dakika\" \/>\n<script type=\"application\/ld+json\" class=\"yoast-schema-graph\">{\"@context\":\"https:\/\/schema.org\",\"@graph\":[{\"@type\":\"WebPage\",\"@id\":\"https:\/\/maityazilimhizmetleri.com\/?page_id=3\",\"url\":\"https:\/\/maityazilimhizmetleri.com\/?page_id=3\",\"name\":\"TESL\u0130MAT VE \u0130PTAL\/\u0130ADE S\u00d6ZLE\u015eMES\u0130\",\"isPartOf\":{\"@id\":\"https:\/\/maityazilimhizmetleri.com\/#website\"},\"datePublished\":\"2025-01-14T11:19:05+00:00\",\"dateModified\":\"2025-01-14T17:33:53+00:00\",\"description\":\"Se\u00e7ti\u011finiz paketi sat\u0131n ald\u0131ktan sonra taraf\u0131m\u0131zdan otomatik olarak size \u00f6zel panele y\u00fcklenmektedir. Sisteme giri\u015f ve \u00fcr\u00fcn\/hizmette\",\"breadcrumb\":{\"@id\":\"https:\/\/maityazilimhizmetleri.com\/?page_id=3#breadcrumb\"},\"inLanguage\":\"tr\",\"potentialAction\":[{\"@type\":\"ReadAction\",\"target\":[\"https:\/\/maityazilimhizmetleri.com\/?page_id=3\"]}]},{\"@type\":\"BreadcrumbList\",\"@id\":\"https:\/\/maityazilimhizmetleri.com\/?page_id=3#breadcrumb\",\"itemListElement\":[{\"@type\":\"ListItem\",\"position\":1,\"name\":\"Anasayfa\",\"item\":\"https:\/\/maityazilimhizmetleri.com\/\"},{\"@type\":\"ListItem\",\"position\":2,\"name\":\"TESL\u0130MAT VE \u0130PTAL\/\u0130ADE S\u00d6ZLE\u015eMES\u0130\"}]},{\"@type\":\"WebSite\",\"@id\":\"https:\/\/maityazilimhizmetleri.com\/#website\",\"url\":\"https:\/\/maityazilimhizmetleri.com\/\",\"name\":\"https:\/\/maityazilimhizmetleri.com\",\"description\":\"\",\"publisher\":{\"@id\":\"https:\/\/maityazilimhizmetleri.com\/#organization\"},\"potentialAction\":[{\"@type\":\"SearchAction\",\"target\":{\"@type\":\"EntryPoint\",\"urlTemplate\":\"https:\/\/maityazilimhizmetleri.com\/?s={search_term_string}\"},\"query-input\":{\"@type\":\"PropertyValueSpecification\",\"valueRequired\":true,\"valueName\":\"search_term_string\"}}],\"inLanguage\":\"tr\"},{\"@type\":\"Organization\",\"@id\":\"https:\/\/maityazilimhizmetleri.com\/#organization\",\"name\":\"Mait Yaz\u0131l\u0131m Hizmetleri\",\"url\":\"https:\/\/maityazilimhizmetleri.com\/\",\"logo\":{\"@type\":\"ImageObject\",\"inLanguage\":\"tr\",\"@id\":\"https:\/\/maityazilimhizmetleri.com\/#\/schema\/logo\/image\/\",\"url\":\"https:\/\/maityazilimhizmetleri.com\/wp-content\/uploads\/2025\/01\/cropped-mait-yazilim-high-resolution-logo.png\",\"contentUrl\":\"https:\/\/maityazilimhizmetleri.com\/wp-content\/uploads\/2025\/01\/cropped-mait-yazilim-high-resolution-logo.png\",\"width\":870,\"height\":983,\"caption\":\"Mait Yaz\u0131l\u0131m Hizmetleri\"},\"image\":{\"@id\":\"https:\/\/maityazilimhizmetleri.com\/#\/schema\/logo\/image\/\"}}]}<\/script>\n<!-- \/ Yoast SEO plugin. -->","yoast_head_json":{"title":"TESL\u0130MAT VE \u0130PTAL\/\u0130ADE S\u00d6ZLE\u015eMES\u0130","description":"Se\u00e7ti\u011finiz paketi sat\u0131n ald\u0131ktan sonra taraf\u0131m\u0131zdan otomatik olarak size \u00f6zel panele y\u00fcklenmektedir. Sisteme giri\u015f ve \u00fcr\u00fcn\/hizmette","robots":{"index":"index","follow":"follow","max-snippet":"max-snippet:-1","max-image-preview":"max-image-preview:large","max-video-preview":"max-video-preview:-1"},"canonical":"https:\/\/maityazilimhizmetleri.com\/?page_id=3","og_locale":"tr_TR","og_type":"article","og_title":"TESL\u0130MAT VE \u0130PTAL\/\u0130ADE S\u00d6ZLE\u015eMES\u0130","og_description":"Se\u00e7ti\u011finiz paketi sat\u0131n ald\u0131ktan sonra taraf\u0131m\u0131zdan otomatik olarak size \u00f6zel panele y\u00fcklenmektedir. Sisteme giri\u015f ve \u00fcr\u00fcn\/hizmette","og_url":"https:\/\/maityazilimhizmetleri.com\/?page_id=3","article_modified_time":"2025-01-14T17:33:53+00:00","twitter_card":"summary_large_image","twitter_misc":{"Tahmini okuma s\u00fcresi":"3 dakika"},"schema":{"@context":"https:\/\/schema.org","@graph":[{"@type":"WebPage","@id":"https:\/\/maityazilimhizmetleri.com\/?page_id=3","url":"https:\/\/maityazilimhizmetleri.com\/?page_id=3","name":"TESL\u0130MAT VE \u0130PTAL\/\u0130ADE S\u00d6ZLE\u015eMES\u0130","isPartOf":{"@id":"https:\/\/maityazilimhizmetleri.com\/#website"},"datePublished":"2025-01-14T11:19:05+00:00","dateModified":"2025-01-14T17:33:53+00:00","description":"Se\u00e7ti\u011finiz paketi sat\u0131n ald\u0131ktan sonra taraf\u0131m\u0131zdan otomatik olarak size \u00f6zel panele y\u00fcklenmektedir. Sisteme giri\u015f ve \u00fcr\u00fcn\/hizmette","breadcrumb":{"@id":"https:\/\/maityazilimhizmetleri.com\/?page_id=3#breadcrumb"},"inLanguage":"tr","potentialAction":[{"@type":"ReadAction","target":["https:\/\/maityazilimhizmetleri.com\/?page_id=3"]}]},{"@type":"BreadcrumbList","@id":"https:\/\/maityazilimhizmetleri.com\/?page_id=3#breadcrumb","itemListElement":[{"@type":"ListItem","position":1,"name":"Anasayfa","item":"https:\/\/maityazilimhizmetleri.com\/"},{"@type":"ListItem","position":2,"name":"TESL\u0130MAT VE \u0130PTAL\/\u0130ADE S\u00d6ZLE\u015eMES\u0130"}]},{"@type":"WebSite","@id":"https:\/\/maityazilimhizmetleri.com\/#website","url":"https:\/\/maityazilimhizmetleri.com\/","name":"https:\/\/maityazilimhizmetleri.com","description":"","publisher":{"@id":"https:\/\/maityazilimhizmetleri.com\/#organization"},"potentialAction":[{"@type":"SearchAction","target":{"@type":"EntryPoint","urlTemplate":"https:\/\/maityazilimhizmetleri.com\/?s={search_term_string}"},"query-input":{"@type":"PropertyValueSpecification","valueRequired":true,"valueName":"search_term_string"}}],"inLanguage":"tr"},{"@type":"Organization","@id":"https:\/\/maityazilimhizmetleri.com\/#organization","name":"Mait Yaz\u0131l\u0131m Hizmetleri","url":"https:\/\/maityazilimhizmetleri.com\/","logo":{"@type":"ImageObject","inLanguage":"tr","@id":"https:\/\/maityazilimhizmetleri.com\/#\/schema\/logo\/image\/","url":"https:\/\/maityazilimhizmetleri.com\/wp-content\/uploads\/2025\/01\/cropped-mait-yazilim-high-resolution-logo.png","contentUrl":"https:\/\/maityazilimhizmetleri.com\/wp-content\/uploads\/2025\/01\/cropped-mait-yazilim-high-resolution-logo.png","width":870,"height":983,"caption":"Mait Yaz\u0131l\u0131m Hizmetleri"},"image":{"@id":"https:\/\/maityazilimhizmetleri.com\/#\/schema\/logo\/image\/"}}]}},"_links":{"self":[{"href":"https:\/\/maityazilimhizmetleri.com\/index.php?rest_route=\/wp\/v2\/pages\/3","targetHints":{"allow":["GET"]}}],"collection":[{"href":"https:\/\/maityazilimhizmetleri.com\/index.php?rest_route=\/wp\/v2\/pages"}],"about":[{"href":"https:\/\/maityazilimhizmetleri.com\/index.php?rest_route=\/wp\/v2\/types\/page"}],"author":[{"embeddable":true,"href":"https:\/\/maityazilimhizmetleri.com\/index.php?rest_route=\/wp\/v2\/users\/1"}],"replies":[{"embeddable":true,"href":"https:\/\/maityazilimhizmetleri.com\/index.php?rest_route=%2Fwp%2Fv2%2Fcomments&post=3"}],"version-history":[{"count":1,"href":"https:\/\/maityazilimhizmetleri.com\/index.php?rest_route=\/wp\/v2\/pages\/3\/revisions"}],"predecessor-version":[{"id":76,"href":"https:\/\/maityazilimhizmetleri.com\/index.php?rest_route=\/wp\/v2\/pages\/3\/revisions\/76"}],"wp:attachment":[{"href":"https:\/\/maityazilimhizmetleri.com\/index.php?rest_route=%2Fwp%2Fv2%2Fmedia&parent=3"}],"curies":[{"name":"wp","href":"https:\/\/api.w.org\/{rel}","templated":true}]}}